{"id":1041,"date":"2024-06-24T08:40:26","date_gmt":"2024-06-24T06:40:26","guid":{"rendered":"https:\/\/keg-exchange.com\/polityka-prywatnosci\/"},"modified":"2025-07-14T09:04:59","modified_gmt":"2025-07-14T07:04:59","slug":"datenschutzrichtlinie","status":"publish","type":"page","link":"https:\/\/keg-exchange.com\/de\/datenschutzrichtlinie\/","title":{"rendered":"Datenschutzrichtlinie"},"content":{"rendered":"<p>Zu Ihrem Komfort verwendet die Website http:\/\/keg-exchange.com\/ Cookies.<br \/>\nWussten Sie schon:<\/p>\n<p>1. Cookies sind Computerdaten, insbesondere Textdateien, die auf dem Endger\u00e4t des Website-Nutzers gespeichert und f\u00fcr die Nutzung der Webseiten der Website bestimmt sind. Diese Dateien enthalten in der Regel den Namen der Website, von der sie stammen, die Dauer ihrer Speicherung auf dem Ger\u00e4t und eine eindeutige Nummer.<br \/>\nDie Stelle, die Cookies auf dem Endger\u00e4t des Website-Nutzers platziert und Zugriff darauf erh\u00e4lt, ist der Website-Betreiber oder seine verbundenen Unternehmen.<\/p>\n<p>2. Cookies werden f\u00fcr folgende Zwecke verwendet:<br \/>\nZur Erstellung von Statistiken, die uns helfen zu verstehen, wie Website-Nutzer Websites nutzen, um deren Struktur und Inhalte zu verbessern;<br \/>\nZur Aufrechterhaltung der Sitzung eines Website-Nutzers (nach der Anmeldung), damit der Nutzer seinen Benutzernamen und sein Passwort nicht auf jeder Unterseite der Website erneut eingeben muss;<br \/>\nDie Website verwendet zwei grundlegende Arten von Cookies: \u201eSession-Cookies\u201c und \u201ePersistente Cookies\u201c.<\/p>\n<p>Sitzungscookies<br \/>\nDies sind tempor\u00e4re Dateien, die auf dem Endger\u00e4t des Nutzers gespeichert werden, bis er sich abmeldet, die Website verl\u00e4sst oder die Software (Webbrowser) deaktiviert.<\/p>\n<p>\u201ePersistente\u201c Cookies<br \/>\nDies sind Dateien, die auf dem Endger\u00e4t des Nutzers f\u00fcr die in den Cookie-Parametern angegebene Zeit oder bis zu ihrer L\u00f6schung durch den Nutzer gespeichert werden.<\/p>\n<p>Bitte beachten Sie:<br \/>\n1. Webbrowser-Software (Webbrowser) erlaubt in der Regel standardm\u00e4\u00dfig das Speichern von Cookies auf dem Endger\u00e4t des Nutzers.<br \/>\n2. Website-Nutzer k\u00f6nnen ihre Einstellungen diesbez\u00fcglich \u00e4ndern.<br \/>\n3. Der Webbrowser erm\u00f6glicht das L\u00f6schen von Cookies. Es ist auch m\u00f6glich, Cookies automatisch zu blockieren. Detaillierte Informationen hierzu finden Sie im folgenden Abschnitt oder in der Dokumentation des Webbrowsers.<br \/>\n4. Die Einschr\u00e4nkung der Verwendung von Cookies kann einige der auf den Webseiten der Website verf\u00fcgbaren Funktionen beeintr\u00e4chtigen.<br \/>\n5. Auf dem Endger\u00e4t des Nutzers abgelegte Cookies k\u00f6nnen auch von Werbetreibenden und Partnern verwendet werden, die mit dem Website-Betreiber zusammenarbeiten.<br \/>\nWir empfehlen Ihnen, die Datenschutzrichtlinien dieser Unternehmen zu lesen, um mehr \u00fcber die Verwendung von Cookies in Statistiken zu erfahren: Datenschutzrichtlinie von Google Analytics.<\/p>\n<p>Wichtig f\u00fcr Sie:<br \/>\n1. Cookies k\u00f6nnen von Werbenetzwerken, insbesondere dem Google-Werbenetzwerk, verwendet werden, um auf die Nutzung der Website durch den Nutzer zugeschnittene Werbung anzuzeigen.<br \/>\n2. Zu diesem Zweck k\u00f6nnen sie Informationen \u00fcber den Navigationspfad des Nutzers oder die Verweildauer auf einer bestimmten Seite speichern.<br \/>\n3. Informationen zu den vom Google-Werbenetzwerk erfassten Nutzereinstellungen kann der Nutzer mithilfe des Tools https:\/\/www.google.com\/ads\/preferences\/ einsehen und bearbeiten.<\/p>\n<p>Wie deaktiviere ich Cookies?<br \/>\n1. Die Website http:\/\/keg-exchange.com\/ verwendet Cookies. Wenn Sie diese Dateien nicht erhalten m\u00f6chten, m\u00fcssen Sie Ihre Browsereinstellungen \u00e4ndern (Informationen siehe unten).<br \/>\n2. Die meisten Browser lassen Cookies automatisch zu. Sie k\u00f6nnen Ihre Browsereinstellungen jedoch ganz einfach \u00e4ndern.<br \/>\n3. Wenn Sie keine Cookies erhalten m\u00f6chten, m\u00fcssen Sie Ihre Browsereinstellungen \u00e4ndern.<br \/>\n4. Bitte beachten Sie, dass das Deaktivieren von Cookies, die f\u00fcr Authentifizierung, Sicherheit und die Speicherung von Benutzereinstellungen erforderlich sind, die Nutzung der Website erschweren oder in extremen F\u00e4llen unm\u00f6glich machen kann.<br \/>\nWie verwalte ich meine Cookie-Einstellungen?<br \/>\nUm meine Cookie-Einstellungen zu verwalten, w\u00e4hlen Sie Ihren Webbrowser\/Ihr System aus der folgenden Liste aus und folgen Sie den Anweisungen:<\/p>\n<p>IE<br \/>\nW\u00e4hlen Sie im Hauptfenster der Anwendung \u201eExtras > Internetoptionen > Datenschutz\u201c. Schieben Sie im Bereich \u201eEinstellungen\u201c den Schieberegler ganz nach oben. Dadurch werden alle Cookies blockiert. Klicken Sie auf \u201eOK\u201c.<\/p>\n<p>Chrome<br \/>\nKlicken Sie im Hauptbrowserfenster (oben rechts) auf das Google Chrome-Einstellungssymbol.<br \/>\nW\u00e4hlen Sie den Reiter \u201eEinstellungen\u201c > \u201eErweiterte Einstellungen anzeigen\u201c. W\u00e4hlen Sie im Bereich \u201eDatenschutz\u201c > \u201eInhaltseinstellungen\u201c die Option \u201eCookies und Daten von Drittanbieter-Websites blockieren\u201c. Klicken Sie anschlie\u00dfend auf \u201eFertig\u201c.<\/p>\n<p>Firefox<br \/>\nKlicken Sie im Hauptfenster auf \u201eExtras\u201c > \u201eOptionen\u201c > \u201eDatenschutz\u201c. W\u00e4hlen Sie \u201eFirefox verwendet benutzerdefinierte Einstellungen\u201c. Die erste Option \u201eImmer privaten Modus verwenden\u201c und die letzte Option \u201eCookies akzeptieren\u201c m\u00fcssen deaktiviert sein (d. h., das K\u00e4stchen muss leer sein). Schieben Sie den Schieberegler in den Einstellungen ganz nach oben. Dadurch werden alle Cookies blockiert. Klicken Sie auf \u201eOK\u201c.<\/p>\n<p>Safari<br \/>\nW\u00e4hlen Sie im Safari-Dropdown-Men\u00fc \u201eEinstellungen > Sicherheit\u201c. W\u00e4hlen Sie hier im Bereich \u201eCookies akzeptieren\u201c die gew\u00fcnschte Sicherheitsstufe aus.<\/p>\n<p>Opera<br \/>\nBrowsermen\u00fc: Extras > Einstellungen > Erweitert > Cookies. W\u00e4hlen Sie die Option \u201eCookies nicht akzeptieren\u201c. Klicken Sie auf \u201eOK\u201c.<\/p>\n","protected":false},"excerpt":{"rendered":"<p>Zu Ihrem Komfort verwendet die Website http:\/\/keg-exchange.com\/ Cookies. Wussten Sie schon: 1. Cookies sind Computerdaten, insbesondere Textdateien, die auf dem Endger\u00e4t des Website-Nutzers gespeichert und f\u00fcr die Nutzung der Webseiten der Website bestimmt sind. Diese Dateien enthalten in der Regel den Namen der Website, von der sie stammen, die Dauer ihrer Speicherung auf dem Ger\u00e4t [&hellip;]<\/p>\n","protected":false},"author":1,"featured_media":0,"parent":0,"menu_order":0,"comment_status":"closed","ping_status":"open","template":"","meta":{"_acf_changed":false,"inline_featured_image":false,"footnotes":""},"class_list":["post-1041","page","type-page","status-publish","hentry"],"acf":[],"yoast_head":"<!-- This site is optimized with the Yoast SEO plugin v25.5 - https:\/\/yoast.com\/wordpress\/plugins\/seo\/ -->\n<title>Datenschutzrichtlinie - KEG Exchange<\/title>\n<meta name=\"robots\" content=\"index, follow, max-snippet:-1, max-image-preview:large, max-video-preview:-1\" \/>\n<link rel=\"canonical\" href=\"https:\/\/keg-exchange.com\/polityka-prywatnosci\/\" \/>\n<meta property=\"og:locale\" content=\"de_DE\" \/>\n<meta property=\"og:type\" content=\"article\" \/>\n<meta property=\"og:title\" content=\"Datenschutzrichtlinie - KEG Exchange\" \/>\n<meta property=\"og:description\" content=\"Zu Ihrem Komfort verwendet die Website http:\/\/keg-exchange.com\/ Cookies. Wussten Sie schon: 1. Cookies sind Computerdaten, insbesondere Textdateien, die auf dem Endger\u00e4t des Website-Nutzers gespeichert und f\u00fcr die Nutzung der Webseiten der Website bestimmt sind. Diese Dateien enthalten in der Regel den Namen der Website, von der sie stammen, die Dauer ihrer Speicherung auf dem Ger\u00e4t [&hellip;]\" \/>\n<meta property=\"og:url\" content=\"https:\/\/keg-exchange.com\/polityka-prywatnosci\/\" \/>\n<meta property=\"og:site_name\" content=\"KEG Exchange\" \/>\n<meta property=\"article:modified_time\" content=\"2025-07-14T07:04:59+00:00\" \/>\n<meta name=\"twitter:card\" content=\"summary_large_image\" \/>\n<meta name=\"twitter:label1\" content=\"Gesch\u00e4tzte Lesezeit\" \/>\n\t<meta name=\"twitter:data1\" content=\"3\u00a0Minuten\" \/>\n<script type=\"application\/ld+json\" class=\"yoast-schema-graph\">{\"@context\":\"https:\/\/schema.org\",\"@graph\":[{\"@type\":\"WebPage\",\"@id\":\"https:\/\/keg-exchange.com\/polityka-prywatnosci\/\",\"url\":\"https:\/\/keg-exchange.com\/polityka-prywatnosci\/\",\"name\":\"Datenschutzrichtlinie - KEG Exchange\",\"isPartOf\":{\"@id\":\"https:\/\/keg-exchange.com\/#website\"},\"datePublished\":\"2024-06-24T06:40:26+00:00\",\"dateModified\":\"2025-07-14T07:04:59+00:00\",\"breadcrumb\":{\"@id\":\"https:\/\/keg-exchange.com\/polityka-prywatnosci\/#breadcrumb\"},\"inLanguage\":\"de\",\"potentialAction\":[{\"@type\":\"ReadAction\",\"target\":[\"https:\/\/keg-exchange.com\/polityka-prywatnosci\/\"]}]},{\"@type\":\"BreadcrumbList\",\"@id\":\"https:\/\/keg-exchange.com\/polityka-prywatnosci\/#breadcrumb\",\"itemListElement\":[{\"@type\":\"ListItem\",\"position\":1,\"name\":\"Strona g\u0142\u00f3wna\",\"item\":\"https:\/\/keg-exchange.com\/de\/\"},{\"@type\":\"ListItem\",\"position\":2,\"name\":\"Datenschutzrichtlinie\"}]},{\"@type\":\"WebSite\",\"@id\":\"https:\/\/keg-exchange.com\/#website\",\"url\":\"https:\/\/keg-exchange.com\/\",\"name\":\"KEG Exchange\",\"description\":\"Zajmujemy si\u0119 kegami. Kompleksowo.\",\"potentialAction\":[{\"@type\":\"SearchAction\",\"target\":{\"@type\":\"EntryPoint\",\"urlTemplate\":\"https:\/\/keg-exchange.com\/?s={search_term_string}\"},\"query-input\":{\"@type\":\"PropertyValueSpecification\",\"valueRequired\":true,\"valueName\":\"search_term_string\"}}],\"inLanguage\":\"de\"}]}<\/script>\n<!-- \/ Yoast SEO plugin. -->","yoast_head_json":{"title":"Datenschutzrichtlinie - KEG Exchange","robots":{"index":"index","follow":"follow","max-snippet":"max-snippet:-1","max-image-preview":"max-image-preview:large","max-video-preview":"max-video-preview:-1"},"canonical":"https:\/\/keg-exchange.com\/polityka-prywatnosci\/","og_locale":"de_DE","og_type":"article","og_title":"Datenschutzrichtlinie - KEG Exchange","og_description":"Zu Ihrem Komfort verwendet die Website http:\/\/keg-exchange.com\/ Cookies. Wussten Sie schon: 1. Cookies sind Computerdaten, insbesondere Textdateien, die auf dem Endger\u00e4t des Website-Nutzers gespeichert und f\u00fcr die Nutzung der Webseiten der Website bestimmt sind. Diese Dateien enthalten in der Regel den Namen der Website, von der sie stammen, die Dauer ihrer Speicherung auf dem Ger\u00e4t [&hellip;]","og_url":"https:\/\/keg-exchange.com\/polityka-prywatnosci\/","og_site_name":"KEG Exchange","article_modified_time":"2025-07-14T07:04:59+00:00","twitter_card":"summary_large_image","twitter_misc":{"Gesch\u00e4tzte Lesezeit":"3\u00a0Minuten"},"schema":{"@context":"https:\/\/schema.org","@graph":[{"@type":"WebPage","@id":"https:\/\/keg-exchange.com\/polityka-prywatnosci\/","url":"https:\/\/keg-exchange.com\/polityka-prywatnosci\/","name":"Datenschutzrichtlinie - KEG Exchange","isPartOf":{"@id":"https:\/\/keg-exchange.com\/#website"},"datePublished":"2024-06-24T06:40:26+00:00","dateModified":"2025-07-14T07:04:59+00:00","breadcrumb":{"@id":"https:\/\/keg-exchange.com\/polityka-prywatnosci\/#breadcrumb"},"inLanguage":"de","potentialAction":[{"@type":"ReadAction","target":["https:\/\/keg-exchange.com\/polityka-prywatnosci\/"]}]},{"@type":"BreadcrumbList","@id":"https:\/\/keg-exchange.com\/polityka-prywatnosci\/#breadcrumb","itemListElement":[{"@type":"ListItem","position":1,"name":"Strona g\u0142\u00f3wna","item":"https:\/\/keg-exchange.com\/de\/"},{"@type":"ListItem","position":2,"name":"Datenschutzrichtlinie"}]},{"@type":"WebSite","@id":"https:\/\/keg-exchange.com\/#website","url":"https:\/\/keg-exchange.com\/","name":"KEG Exchange","description":"Zajmujemy si\u0119 kegami. Kompleksowo.","potentialAction":[{"@type":"SearchAction","target":{"@type":"EntryPoint","urlTemplate":"https:\/\/keg-exchange.com\/?s={search_term_string}"},"query-input":{"@type":"PropertyValueSpecification","valueRequired":true,"valueName":"search_term_string"}}],"inLanguage":"de"}]}},"_links":{"self":[{"href":"https:\/\/keg-exchange.com\/de\/wp-json\/wp\/v2\/pages\/1041","targetHints":{"allow":["GET"]}}],"collection":[{"href":"https:\/\/keg-exchange.com\/de\/wp-json\/wp\/v2\/pages"}],"about":[{"href":"https:\/\/keg-exchange.com\/de\/wp-json\/wp\/v2\/types\/page"}],"author":[{"embeddable":true,"href":"https:\/\/keg-exchange.com\/de\/wp-json\/wp\/v2\/users\/1"}],"replies":[{"embeddable":true,"href":"https:\/\/keg-exchange.com\/de\/wp-json\/wp\/v2\/comments?post=1041"}],"version-history":[{"count":2,"href":"https:\/\/keg-exchange.com\/de\/wp-json\/wp\/v2\/pages\/1041\/revisions"}],"predecessor-version":[{"id":1043,"href":"https:\/\/keg-exchange.com\/de\/wp-json\/wp\/v2\/pages\/1041\/revisions\/1043"}],"wp:attachment":[{"href":"https:\/\/keg-exchange.com\/de\/wp-json\/wp\/v2\/media?parent=1041"}],"curies":[{"name":"wp","href":"https:\/\/api.w.org\/{rel}","templated":true}]}}