{"id":1036,"date":"2024-06-27T12:38:33","date_gmt":"2024-06-27T10:38:33","guid":{"rendered":"https:\/\/keg-exchange.com\/kontakt\/"},"modified":"2025-07-14T09:08:13","modified_gmt":"2025-07-14T07:08:13","slug":"kontakt","status":"publish","type":"page","link":"https:\/\/keg-exchange.com\/de\/kontakt\/","title":{"rendered":"Kontakt"},"content":{"rendered":"<p><strong>Nutzungsbedingungen<\/strong><\/p>\n<p>Trotz sorgf\u00e4ltiger inhaltlicher Kontrolle \u00fcbernimmt die KEG Exchange Group Sp. z o.o. keinerlei Haftung f\u00fcr die Inhalte externer Links, die \u00fcber diese Website erreichbar sind. F\u00fcr den Inhalt der verlinkten Seiten und die darin enthaltenen Informationen ist ausschlie\u00dflich der jeweilige Betreiber der Seite verantwortlich.<\/p>\n<p><strong>Urheberrecht<\/strong><\/p>\n<p>Der gesamte Inhalt dieser Website, einschlie\u00dflich Text und grafischer Darstellung, unterliegt dem Urheberrecht sowie weiteren Gesetzen zum Schutz geistigen Eigentums. Beim Herunterladen von Daten oder Software von unserer Website \u00fcbernimmt die KEG Exchange Group Sp. z o.o. keine Gew\u00e4hrleistung gegen\u00fcber Dritten f\u00fcr etwaige Fehler oder daraus resultierende Sch\u00e4den.<\/p>\n<p>Alle auf dieser Website genannten Marken und Warenzeichen, die gegebenenfalls durch Dritte gesch\u00fctzt sind, unterliegen uneingeschr\u00e4nkt den Bestimmungen des jeweils g\u00fcltigen Kennzeichenrechts und den Besitzrechten der jeweiligen eingetragenen Eigent\u00fcmer. Allein aufgrund der blo\u00dfen Nennung ist nicht der Schluss zu ziehen, dass Markenzeichen nicht durch Rechte Dritter gesch\u00fctzt sind.<\/p>\n<p><strong>Haftungsausschluss<\/strong><\/p>\n<p>Alle auf dieser Website enthaltenen Informationen und Inhalte wurden sorgf\u00e4ltig gepr\u00fcft. Dennoch k\u00f6nnen Fehler oder Unstimmigkeiten nicht vollst\u00e4ndig ausgeschlossen werden. Wir bitten daher um Verst\u00e4ndnis, dass wir f\u00fcr die Richtigkeit und Vollst\u00e4ndigkeit der Angaben keine Haftung \u00fcbernehmen k\u00f6nnen.<\/p>\n<p><strong>Datenschutz<\/strong><\/p>\n<p>Die KEG Exchange Group Sp. z o.o. respektiert Ihre pers\u00f6nlichen Daten. Sollten Sie auf unserer Website um die Angabe personenbezogener Daten gebeten werden, so werden diese gem\u00e4\u00df den geltenden Datenschutzbestimmungen gesch\u00fctzt.<\/p>\n","protected":false},"excerpt":{"rendered":"<p>Nutzungsbedingungen Trotz sorgf\u00e4ltiger inhaltlicher Kontrolle \u00fcbernimmt die KEG Exchange Group Sp. z o.o. keinerlei Haftung f\u00fcr die Inhalte externer Links, die \u00fcber diese Website erreichbar sind. F\u00fcr den Inhalt der verlinkten Seiten und die darin enthaltenen Informationen ist ausschlie\u00dflich der jeweilige Betreiber der Seite verantwortlich. Urheberrecht Der gesamte Inhalt dieser Website, einschlie\u00dflich Text und grafischer [&hellip;]<\/p>\n","protected":false},"author":1,"featured_media":0,"parent":0,"menu_order":0,"comment_status":"closed","ping_status":"closed","template":"","meta":{"_acf_changed":false,"inline_featured_image":false,"footnotes":""},"class_list":["post-1036","page","type-page","status-publish","hentry"],"acf":[],"yoast_head":"<!-- This site is optimized with the Yoast SEO plugin v25.5 - https:\/\/yoast.com\/wordpress\/plugins\/seo\/ -->\n<title>Kontakt - KEG Exchange<\/title>\n<meta name=\"robots\" content=\"index, follow, max-snippet:-1, max-image-preview:large, max-video-preview:-1\" \/>\n<link rel=\"canonical\" href=\"https:\/\/keg-exchange.com\/kontakt\/\" \/>\n<meta property=\"og:locale\" content=\"de_DE\" \/>\n<meta property=\"og:type\" content=\"article\" \/>\n<meta property=\"og:title\" content=\"Kontakt - KEG Exchange\" \/>\n<meta property=\"og:description\" content=\"Nutzungsbedingungen Trotz sorgf\u00e4ltiger inhaltlicher Kontrolle \u00fcbernimmt die KEG Exchange Group Sp. z o.o. keinerlei Haftung f\u00fcr die Inhalte externer Links, die \u00fcber diese Website erreichbar sind. F\u00fcr den Inhalt der verlinkten Seiten und die darin enthaltenen Informationen ist ausschlie\u00dflich der jeweilige Betreiber der Seite verantwortlich. Urheberrecht Der gesamte Inhalt dieser Website, einschlie\u00dflich Text und grafischer [&hellip;]\" \/>\n<meta property=\"og:url\" content=\"https:\/\/keg-exchange.com\/kontakt\/\" \/>\n<meta property=\"og:site_name\" content=\"KEG Exchange\" \/>\n<meta property=\"article:modified_time\" content=\"2025-07-14T07:08:13+00:00\" \/>\n<meta name=\"twitter:card\" content=\"summary_large_image\" \/>\n<meta name=\"twitter:label1\" content=\"Gesch\u00e4tzte Lesezeit\" \/>\n\t<meta name=\"twitter:data1\" content=\"1\u00a0Minute\" \/>\n<script type=\"application\/ld+json\" class=\"yoast-schema-graph\">{\"@context\":\"https:\/\/schema.org\",\"@graph\":[{\"@type\":\"WebPage\",\"@id\":\"https:\/\/keg-exchange.com\/kontakt\/\",\"url\":\"https:\/\/keg-exchange.com\/kontakt\/\",\"name\":\"Kontakt - KEG Exchange\",\"isPartOf\":{\"@id\":\"https:\/\/keg-exchange.com\/#website\"},\"datePublished\":\"2024-06-27T10:38:33+00:00\",\"dateModified\":\"2025-07-14T07:08:13+00:00\",\"breadcrumb\":{\"@id\":\"https:\/\/keg-exchange.com\/kontakt\/#breadcrumb\"},\"inLanguage\":\"de\",\"potentialAction\":[{\"@type\":\"ReadAction\",\"target\":[\"https:\/\/keg-exchange.com\/kontakt\/\"]}]},{\"@type\":\"BreadcrumbList\",\"@id\":\"https:\/\/keg-exchange.com\/kontakt\/#breadcrumb\",\"itemListElement\":[{\"@type\":\"ListItem\",\"position\":1,\"name\":\"Strona g\u0142\u00f3wna\",\"item\":\"https:\/\/keg-exchange.com\/de\/\"},{\"@type\":\"ListItem\",\"position\":2,\"name\":\"Kontakt\"}]},{\"@type\":\"WebSite\",\"@id\":\"https:\/\/keg-exchange.com\/#website\",\"url\":\"https:\/\/keg-exchange.com\/\",\"name\":\"KEG Exchange\",\"description\":\"Zajmujemy si\u0119 kegami. Kompleksowo.\",\"potentialAction\":[{\"@type\":\"SearchAction\",\"target\":{\"@type\":\"EntryPoint\",\"urlTemplate\":\"https:\/\/keg-exchange.com\/?s={search_term_string}\"},\"query-input\":{\"@type\":\"PropertyValueSpecification\",\"valueRequired\":true,\"valueName\":\"search_term_string\"}}],\"inLanguage\":\"de\"}]}<\/script>\n<!-- \/ Yoast SEO plugin. -->","yoast_head_json":{"title":"Kontakt - KEG Exchange","robots":{"index":"index","follow":"follow","max-snippet":"max-snippet:-1","max-image-preview":"max-image-preview:large","max-video-preview":"max-video-preview:-1"},"canonical":"https:\/\/keg-exchange.com\/kontakt\/","og_locale":"de_DE","og_type":"article","og_title":"Kontakt - KEG Exchange","og_description":"Nutzungsbedingungen Trotz sorgf\u00e4ltiger inhaltlicher Kontrolle \u00fcbernimmt die KEG Exchange Group Sp. z o.o. keinerlei Haftung f\u00fcr die Inhalte externer Links, die \u00fcber diese Website erreichbar sind. F\u00fcr den Inhalt der verlinkten Seiten und die darin enthaltenen Informationen ist ausschlie\u00dflich der jeweilige Betreiber der Seite verantwortlich. Urheberrecht Der gesamte Inhalt dieser Website, einschlie\u00dflich Text und grafischer [&hellip;]","og_url":"https:\/\/keg-exchange.com\/kontakt\/","og_site_name":"KEG Exchange","article_modified_time":"2025-07-14T07:08:13+00:00","twitter_card":"summary_large_image","twitter_misc":{"Gesch\u00e4tzte Lesezeit":"1\u00a0Minute"},"schema":{"@context":"https:\/\/schema.org","@graph":[{"@type":"WebPage","@id":"https:\/\/keg-exchange.com\/kontakt\/","url":"https:\/\/keg-exchange.com\/kontakt\/","name":"Kontakt - KEG Exchange","isPartOf":{"@id":"https:\/\/keg-exchange.com\/#website"},"datePublished":"2024-06-27T10:38:33+00:00","dateModified":"2025-07-14T07:08:13+00:00","breadcrumb":{"@id":"https:\/\/keg-exchange.com\/kontakt\/#breadcrumb"},"inLanguage":"de","potentialAction":[{"@type":"ReadAction","target":["https:\/\/keg-exchange.com\/kontakt\/"]}]},{"@type":"BreadcrumbList","@id":"https:\/\/keg-exchange.com\/kontakt\/#breadcrumb","itemListElement":[{"@type":"ListItem","position":1,"name":"Strona g\u0142\u00f3wna","item":"https:\/\/keg-exchange.com\/de\/"},{"@type":"ListItem","position":2,"name":"Kontakt"}]},{"@type":"WebSite","@id":"https:\/\/keg-exchange.com\/#website","url":"https:\/\/keg-exchange.com\/","name":"KEG Exchange","description":"Zajmujemy si\u0119 kegami. Kompleksowo.","potentialAction":[{"@type":"SearchAction","target":{"@type":"EntryPoint","urlTemplate":"https:\/\/keg-exchange.com\/?s={search_term_string}"},"query-input":{"@type":"PropertyValueSpecification","valueRequired":true,"valueName":"search_term_string"}}],"inLanguage":"de"}]}},"_links":{"self":[{"href":"https:\/\/keg-exchange.com\/de\/wp-json\/wp\/v2\/pages\/1036","targetHints":{"allow":["GET"]}}],"collection":[{"href":"https:\/\/keg-exchange.com\/de\/wp-json\/wp\/v2\/pages"}],"about":[{"href":"https:\/\/keg-exchange.com\/de\/wp-json\/wp\/v2\/types\/page"}],"author":[{"embeddable":true,"href":"https:\/\/keg-exchange.com\/de\/wp-json\/wp\/v2\/users\/1"}],"replies":[{"embeddable":true,"href":"https:\/\/keg-exchange.com\/de\/wp-json\/wp\/v2\/comments?post=1036"}],"version-history":[{"count":4,"href":"https:\/\/keg-exchange.com\/de\/wp-json\/wp\/v2\/pages\/1036\/revisions"}],"predecessor-version":[{"id":1045,"href":"https:\/\/keg-exchange.com\/de\/wp-json\/wp\/v2\/pages\/1036\/revisions\/1045"}],"wp:attachment":[{"href":"https:\/\/keg-exchange.com\/de\/wp-json\/wp\/v2\/media?parent=1036"}],"curies":[{"name":"wp","href":"https:\/\/api.w.org\/{rel}","templated":true}]}}